{"id":3,"date":"2023-09-30T13:44:55","date_gmt":"2023-09-30T11:44:55","guid":{"rendered":"http:\/\/pixelservices.net\/?page_id=3"},"modified":"2023-09-30T21:28:41","modified_gmt":"2023-09-30T19:28:41","slug":"politica-privacidad","status":"publish","type":"page","link":"https:\/\/www.pixelservices.net\/?page_id=3","title":{"rendered":"Pol\u00edtica de privacidad"},"content":{"rendered":"\n<p>Si has llegado hasta aqu\u00ed es porque deseas conocer m\u00e1s sobre las obligaciones y derechos que te corresponden como usuario de nuestro sitio web <a href=\"https:\/\/pixelservices.net\/\">https:\/\/pixelservices.net<\/a>. Nuestra responsabilidad es informarte y la tuya estar adecuadamente informado.<\/p>\n\n\n\n<p>Esta Pol\u00edtica de Privacidad te proporcionar\u00e1 informaci\u00f3n transparente sobre c\u00f3mo tratamos tus datos y c\u00f3mo estos est\u00e1n protegidos.<\/p>\n\n\n\n<h2 class=\"wp-block-heading\">NORMATIVAS DE CUMPLIMIENTO<\/h2>\n\n\n\n<p>Este sitio web cumple con:<\/p>\n\n\n\n<ul>\n<li class=\"has-medium-font-size\">RGPD (Reglamento (UE) 2016\/679 del Parlamento Europeo y del Consejo de 27 de abril de 2016).<\/li>\n\n\n\n<li class=\"has-medium-font-size\">LOPD (Ley Org\u00e1nica 15\/1999, de 13 de diciembre).<\/li>\n\n\n\n<li class=\"has-medium-font-size\">LSSI (Ley 34\/2002, de 11 de julio).<\/li>\n<\/ul>\n\n\n\n<h2 class=\"wp-block-heading\">DATOS DE IDENTIFICACI\u00d3N<\/h2>\n\n\n\n<p>El responsable y titular de este sitio web es Pixel Services.<\/p>\n\n\n\n<ul>\n<li>Nombre: Pixel Services<\/li>\n\n\n\n<li>Correo electr\u00f3nico: <a href=\"mailto:info@pixelservices.net\">info@pixelservices.net<\/a><\/li>\n<\/ul>\n\n\n\n<h2 class=\"wp-block-heading\">USO Y FINALIDAD DE TUS DATOS<\/h2>\n\n\n\n<p>Los datos que nos proporciones ser\u00e1n almacenados y tratados para las finalidades indicadas en esta Pol\u00edtica de Privacidad, hasta que nos solicites su eliminaci\u00f3n.<\/p>\n\n\n\n<h2 class=\"wp-block-heading\">CONDICIONES DE USO<\/h2>\n\n\n\n<p>Al acceder y utilizar este sitio web, aceptas cumplir con los t\u00e9rminos y condiciones aqu\u00ed presentados.<\/p>\n\n\n\n<p>Debes saber, para tu tranquilidad, que siempre te solicitaremos tu consentimiento expreso para recabar tus datos con la correspondiente finalidad especificada en cada caso, lo que implica que, en caso de otorgar ese consentimiento, has le\u00eddo y aceptado esta Pol\u00edtica de Privacidad<strong>.<\/strong><\/p>\n\n\n\n<p>En el momento en que accedas y utilices esta web, asumes tu condici\u00f3n de usuario con tus correspondientes derechos y obligaciones.<\/p>\n\n\n\n<h2 class=\"wp-block-heading\">REGISTRO Y FINALIDAD DE TUS DATOS<\/h2>\n\n\n\n<p>Recopilamos tus datos para:<\/p>\n\n\n\n<ul>\n<li>Atender tus solicitudes o consultas.<\/li>\n\n\n\n<li>Enviarte informaci\u00f3n sobre nuestros productos, servicios y actividades.<\/li>\n<\/ul>\n\n\n\n<h2 class=\"wp-block-heading\">DERECHOS DE LOS USUARIOS<\/h2>\n\n\n\n<p>Puedes ejercer tus derechos de acceso, rectificaci\u00f3n, cancelaci\u00f3n y oposici\u00f3n enviando un correo electr\u00f3nico a <a href=\"mailto:info@pixelservices.net\">info@pixelservices.net<\/a>.<\/p>\n\n\n\n<p>En funci\u00f3n del formulario o secci\u00f3n a la que accedas, te solicitaremos exclusivamente los datos necesarios con las finalidades descritas a continuaci\u00f3n. En todo momento, deber\u00e1s dar tu consentimiento expreso, cuando te solicitemos informaci\u00f3n personal con las siguientes finalidades:<\/p>\n\n\n\n<ul>\n<li>Las finalidades concretas que particularmente se indiquen en cada una de las p\u00e1ginas o secciones donde aparezca el formulario de registro o contacto electr\u00f3nico.<\/li>\n\n\n\n<li>Con car\u00e1cter general, para atender tus solicitudes, comentarios, consultas o cualquier tipo de petici\u00f3n que realices como usuario a trav\u00e9s de cualquiera de las formas de contacto que ponemos a tu disposici\u00f3n<\/li>\n\n\n\n<li>Para informarte sobre consultas, peticiones, actividades, productos, novedades y\/o servicios; v\u00eda e-mail, fax, Whatsapp, Skype, tel\u00e9fono proporcionado, sms y mms.<\/li>\n\n\n\n<li>Para enviarte comunicaciones comerciales o publicitarias a trav\u00e9s de cualquier otro medio electr\u00f3nico o f\u00edsico, que posibilite realizar comunicaciones.<\/li>\n<\/ul>\n\n\n\n<p>Estas comunicaciones, siempre ser\u00e1n relacionadas con nuestros productos, servicios, novedades o promociones, as\u00ed como aquellos productos o servicios que podamos considerar de tu inter\u00e9s y que puedan ofrecer colaboradores, empresas o \u201cpartners\u201d con los que mantengamos acuerdos de promoci\u00f3n o colaboraci\u00f3n comercial.<\/p>\n\n\n\n<h2 class=\"wp-block-heading\">ACCESO A DATOS POR CUENTA DE TERCEROS<\/h2>\n\n\n\n<p>Para ofrecer nuestros servicios, compartimos datos con terceros bajo sus respectivas pol\u00edticas de privacidad.<br><br>Para poder prestar servicios estrictamente necesarios para el funcionamiento y desarrollo de las actividades de este sitio web, te informamos de que compartimos datos con los siguientes prestadores de servicio bajo sus correspondientes condiciones de privacidad.<\/p>\n\n\n\n<p>Puedes tener la total tranquilidad de que estos terceros no podr\u00e1n utilizar dicha informaci\u00f3n para ning\u00fan otro fin que no est\u00e9 regulado espec\u00edficamente en nuestras relaciones con ellos en virtud de la normativa aplicable en materia de protecci\u00f3n de datos de car\u00e1cter personal.<\/p>\n\n\n\n<p>Este sitio web est\u00e1 alojado en https:\/\/hostinger.com\/, con marca comercial Sered Hosting Profesional, que proporciona los servicios de hosting para que puedas acceder y navegar por nuestro sitio. Puedes consultar la pol\u00edtica de privacidad y dem\u00e1s aspectos legales de esta empresa en el siguiente enlace: <a href=\"https:\/\/hostinger.com\">https:\/\/hostinger.com<\/a>\/politica-de-privacidad.<\/p>\n\n\n\n<p>Nuestra web utiliza servidores publicitarios con el fin de facilitar los contenidos comerciales que visualizas en nuestras p\u00e1ginas. Dichos servidores publicitarios utilizan cookies que le permiten adaptar los contenidos publicitarios a los perfiles demogr\u00e1ficos de los usuarios:<\/p>\n\n\n\n<p><strong>Google Analytics:<\/strong><\/p>\n\n\n\n<p>Google Analytics es un servicio anal\u00edtico de web prestado por Google, Inc., una compa\u00f1\u00eda de Delaware cuya oficina principal est\u00e1 en 1600 Amphitheatre Parkway, Mountain View (California), CA 94043, Estados Unidos (\u201cGoogle\u201d).<\/p>\n\n\n\n<p>Google Analytics utiliza \u201ccookies\u201d, que son archivos de texto ubicados en tu ordenador, para ayudar al website a analizar el uso que hacen los usuarios del sitio web.<\/p>\n\n\n\n<p>La informaci\u00f3n que genera la cookie acerca de tu uso del website (incluyendo tu direcci\u00f3n IP) ser\u00e1 directamente transmitida y archivada por Google. Google usar\u00e1 esta informaci\u00f3n por cuenta nuestra con el prop\u00f3sito de seguir la pista de su uso del website, recopilando informes de la actividad del website y prestando otros servicios relacionados con la actividad del website y el uso de Internet.<\/p>\n\n\n\n<p>Google podr\u00e1 transmitir dicha informaci\u00f3n a terceros cuando as\u00ed se lo requiera la legislaci\u00f3n, o cuando dichos terceros procesen la informaci\u00f3n por cuenta de Google. Google no asociar\u00e1 su direcci\u00f3n IP con ning\u00fan otro dato del que disponga.<\/p>\n\n\n\n<p>Como usuario, y en ejercicio de tus derechos, puedes rechazar el tratamiento de los datos o la informaci\u00f3n rechazando el uso de cookies mediante la selecci\u00f3n de la configuraci\u00f3n apropiada de tu navegador, sin embargo, debes saber que si lo hace puede que no puedas usar la plena funcionabilidad de este sitio web.<\/p>\n\n\n\n<p>Al utilizar esta web, de acuerdo a la informaci\u00f3n facilitada en esta Pol\u00edtica de Privacidad, aceptas el tratamiento de datos por parte de Google en la forma y para los fines indicados.<\/p>\n\n\n\n<p>Para m\u00e1s informaci\u00f3n, puedes consultar la pol\u00edtica de privacidad de Google en https:\/\/www.google.com\/intl\/es\/policies\/privacy\/.<\/p>\n\n\n\n<p><strong>Google Adsense:<\/strong><\/p>\n\n\n\n<p>Google, como proveedor asociado, utiliza cookies para publicar anuncios en este sitio web. Puedes inhabilitar el uso de la cookie de DART a trav\u00e9s del anuncio de Google y accediendo a la pol\u00edtica de privacidad de la red de contenido: https:\/\/www.google.com\/intl\/es\/policies\/privacy\/.<\/p>\n\n\n\n<p>Google utiliza empresas publicitarias asociadas para publicar anuncios cuando visita nuestro sitio web. Es posible que estas empresas usen la informaci\u00f3n que obtienen de tus visitas a este y otros sitios web (sin incluir tu nombre, direcci\u00f3n, direcci\u00f3n de correo electr\u00f3nico o n\u00famero de tel\u00e9fono) para ofrecerte anuncios sobre productos y servicios que te resulten de inter\u00e9s.<\/p>\n\n\n\n<p>Al utilizar esta web, consientes el tratamiento de datos por parte de Google en la forma y para los fines indicados.<\/p>\n\n\n\n<p>Si quieres saber m\u00e1s sobre el uso de cookies y las pr\u00e1cticas de recopilaci\u00f3n de informaci\u00f3n y los procedimientos de aceptaci\u00f3n o rechazo, consulta nuestra POL\u00cdTICA DE COOKIES.<\/p>\n\n\n\n<h2 class=\"wp-block-heading\">MEDIDAS DE SEGURIDAD<\/h2>\n\n\n\n<p>Hemos adoptado todas las medidas necesarias para garantizar la seguridad de tus datos.<\/p>\n\n\n\n<p>Te recordamos que, para m\u00e1s informaci\u00f3n, puedes consultar nuestras p\u00e1ginas de\u00a0<strong>Aviso Legal<\/strong>\u00a0y\u00a0<strong>Pol\u00edtica de Cookies.<\/strong><\/p>\n","protected":false},"excerpt":{"rendered":"<p>Si has llegado hasta aqu\u00ed es porque deseas conocer m\u00e1s sobre las obligaciones y derechos que te corresponden como usuario.. <span class=\"mil-el-more\"><a href=\"https:\/\/www.pixelservices.net\/?page_id=3\" class=\"mil-button mil-button-lg\"><span>Read more<\/span><\/a><\/span><\/p>\n","protected":false},"author":1,"featured_media":0,"parent":0,"menu_order":0,"comment_status":"closed","ping_status":"open","template":"","meta":{"om_disable_all_campaigns":false,"_monsterinsights_skip_tracking":false,"_monsterinsights_sitenote_active":false,"_monsterinsights_sitenote_note":"","_monsterinsights_sitenote_category":0,"footnotes":""},"acf":[],"aioseo_notices":[],"_links":{"self":[{"href":"https:\/\/www.pixelservices.net\/index.php?rest_route=\/wp\/v2\/pages\/3"}],"collection":[{"href":"https:\/\/www.pixelservices.net\/index.php?rest_route=\/wp\/v2\/pages"}],"about":[{"href":"https:\/\/www.pixelservices.net\/index.php?rest_route=\/wp\/v2\/types\/page"}],"author":[{"embeddable":true,"href":"https:\/\/www.pixelservices.net\/index.php?rest_route=\/wp\/v2\/users\/1"}],"replies":[{"embeddable":true,"href":"https:\/\/www.pixelservices.net\/index.php?rest_route=%2Fwp%2Fv2%2Fcomments&post=3"}],"version-history":[{"count":1,"href":"https:\/\/www.pixelservices.net\/index.php?rest_route=\/wp\/v2\/pages\/3\/revisions"}],"predecessor-version":[{"id":2108,"href":"https:\/\/www.pixelservices.net\/index.php?rest_route=\/wp\/v2\/pages\/3\/revisions\/2108"}],"wp:attachment":[{"href":"https:\/\/www.pixelservices.net\/index.php?rest_route=%2Fwp%2Fv2%2Fmedia&parent=3"}],"curies":[{"name":"wp","href":"https:\/\/api.w.org\/{rel}","templated":true}]}}