{"id":2113,"date":"2023-09-30T21:38:07","date_gmt":"2023-09-30T19:38:07","guid":{"rendered":"https:\/\/pixelservices.net\/?page_id=2113"},"modified":"2023-09-30T21:38:07","modified_gmt":"2023-09-30T19:38:07","slug":"politica-de-cookies-de-pixel-services","status":"publish","type":"page","link":"https:\/\/www.pixelservices.net\/?page_id=2113","title":{"rendered":"Pol\u00edtica de Cookies de Pixel Services"},"content":{"rendered":"\n<h3 class=\"wp-block-heading\">Introducci\u00f3n<\/h3>\n\n\n\n<p>Si deseas saber m\u00e1s sobre el uso de cookies que realiza este sitio web <a href=\"https:\/\/pixelservices.net\/\">https:\/\/pixelservices.net<\/a>, est\u00e1s en el lugar adecuado. A continuaci\u00f3n, te explicaremos qu\u00e9 son las cookies, qu\u00e9 tipos utilizamos y para qu\u00e9, y c\u00f3mo puedes ejercer tu derecho para configurar tu navegador y rechazar el uso de cualquiera de ellas.<\/p>\n\n\n\n<p>Es importante que sepas que si decides no utilizar algunas cookies, este sitio web podr\u00eda no funcionar de manera \u00f3ptima, lo que podr\u00eda afectar tu experiencia de usuario.<\/p>\n\n\n\n<h4 class=\"wp-block-heading\">\u00bfQu\u00e9 es una Cookie?<\/h4>\n\n\n\n<p>Una cookie es un peque\u00f1o archivo de texto que se almacena en tu dispositivo cuando visitas ciertas p\u00e1ginas web. Las cookies nos permiten, entre otras cosas, almacenar y recuperar informaci\u00f3n sobre tus h\u00e1bitos de navegaci\u00f3n o de tu dispositivo. Dependiendo de la informaci\u00f3n que contengan y de c\u00f3mo utilices tu dispositivo, pueden utilizarse para reconocerte.<\/p>\n\n\n\n<h4 class=\"wp-block-heading\">Aceptaci\u00f3n de las Cookies: Normativa Vigente<\/h4>\n\n\n\n<p>Al acceder a este sitio web, te informamos del uso de cookies, ofreci\u00e9ndote la opci\u00f3n de aceptarlas expresamente y acceder a m\u00e1s informaci\u00f3n a trav\u00e9s de esta Pol\u00edtica de Cookies. Si contin\u00faas navegando, estar\u00e1s dando tu consentimiento para el uso de estas cookies. Sin embargo, puedes cambiar de opini\u00f3n y bloquear su uso en cualquier momento a trav\u00e9s de las opciones de tu navegador.<\/p>\n\n\n\n<p>Este sitio web cumple con la normativa vigente en relaci\u00f3n con el uso de cookies y tus datos personales:<\/p>\n\n\n\n<ul>\n<li>El reglamento LSSI-CE (Ley de la sociedad de la informaci\u00f3n y del comercio electr\u00f3nico)<\/li>\n\n\n\n<li>El RGPD (Reglamento (UE) 2016\/679 del Parlamento Europeo y del Consejo de 27 de abril de 2016 relativo a la protecci\u00f3n de las personas f\u00edsicas)<\/li>\n<\/ul>\n\n\n\n<h4 class=\"wp-block-heading\">Tipos de Cookies<\/h4>\n\n\n\n<p>Este sitio web utiliza cookies propias y de terceros para ofrecer una mejor experiencia de usuario, obtener datos anal\u00edticos y desarrollar su actividad. Los tipos de cookies que utilizamos son:<\/p>\n\n\n\n<ul>\n<li><strong>Cookies T\u00e9cnicas<\/strong>: Permiten la navegaci\u00f3n y utilizaci\u00f3n de diferentes servicios.<\/li>\n\n\n\n<li><strong>Cookies de Personalizaci\u00f3n<\/strong>: Permiten acceder con algunas caracter\u00edsticas predefinidas.<\/li>\n\n\n\n<li><strong>Cookies de An\u00e1lisis<\/strong>: Permiten el an\u00e1lisis estad\u00edstico de la informaci\u00f3n recogida.<\/li>\n\n\n\n<li><strong>Cookies Publicitarias y de Publicidad Comportamental<\/strong>: Se utilizan para mostrar publicidad relacionada con tus h\u00e1bitos de navegaci\u00f3n.<\/li>\n<\/ul>\n\n\n\n<h4 class=\"wp-block-heading\">Gesti\u00f3n y Rechazo del Uso de Cookies<\/h4>\n\n\n\n<p>Puedes configurar tu navegador para aceptar o rechazar por defecto todas las cookies o para recibir un aviso en pantalla de la recepci\u00f3n de cada cookie y decidir en ese momento su implantaci\u00f3n o no en tu disco duro. Te dejamos los enlaces con la informaci\u00f3n para configurar las cookies en los principales navegadores:<\/p>\n\n\n\n<ul>\n<li><a href=\"https:\/\/support.google.com\/chrome\/answer\/95647?hl=es-419\">Google Chrome<\/a><\/li>\n\n\n\n<li><a href=\"https:\/\/support.microsoft.com\/es-es\/help\/17442\/windows-internet-explorer-delete-manage-cookies#ie=ie-10\">Internet Explorer<\/a><\/li>\n\n\n\n<li><a href=\"https:\/\/support.mozilla.org\/es\/kb\/habilitar-y-deshabilitar-cookies-sitios-web-rastrear-preferencias?redirectlocale=es&amp;redirectslug=habilitar-y-deshabilitar-cookies-que-los-sitios-we\">Mozilla Firefox<\/a><\/li>\n\n\n\n<li><a href=\"https:\/\/support.apple.com\/es-es\/HT201265\">Apple Safari<\/a><\/li>\n<\/ul>\n\n\n\n<p>Para cualquier duda o consulta acerca de esta pol\u00edtica de cookies, no dudes en comunicarte con nosotros a trav\u00e9s del correo electr\u00f3nico: <a href=\"mailto:info@pixelservices.net\">info@pixelservices.net<\/a>.<\/p>\n","protected":false},"excerpt":{"rendered":"<p>Introducci\u00f3n Si deseas saber m\u00e1s sobre el uso de cookies que realiza este sitio web https:\/\/pixelservices.net, est\u00e1s en el lugar.. <span class=\"mil-el-more\"><a href=\"https:\/\/www.pixelservices.net\/?page_id=2113\" class=\"mil-button mil-button-lg\"><span>Read more<\/span><\/a><\/span><\/p>\n","protected":false},"author":1,"featured_media":0,"parent":0,"menu_order":0,"comment_status":"closed","ping_status":"closed","template":"","meta":{"om_disable_all_campaigns":false,"_monsterinsights_skip_tracking":false,"_monsterinsights_sitenote_active":false,"_monsterinsights_sitenote_note":"","_monsterinsights_sitenote_category":0,"footnotes":""},"acf":[],"aioseo_notices":[],"_links":{"self":[{"href":"https:\/\/www.pixelservices.net\/index.php?rest_route=\/wp\/v2\/pages\/2113"}],"collection":[{"href":"https:\/\/www.pixelservices.net\/index.php?rest_route=\/wp\/v2\/pages"}],"about":[{"href":"https:\/\/www.pixelservices.net\/index.php?rest_route=\/wp\/v2\/types\/page"}],"author":[{"embeddable":true,"href":"https:\/\/www.pixelservices.net\/index.php?rest_route=\/wp\/v2\/users\/1"}],"replies":[{"embeddable":true,"href":"https:\/\/www.pixelservices.net\/index.php?rest_route=%2Fwp%2Fv2%2Fcomments&post=2113"}],"version-history":[{"count":1,"href":"https:\/\/www.pixelservices.net\/index.php?rest_route=\/wp\/v2\/pages\/2113\/revisions"}],"predecessor-version":[{"id":2114,"href":"https:\/\/www.pixelservices.net\/index.php?rest_route=\/wp\/v2\/pages\/2113\/revisions\/2114"}],"wp:attachment":[{"href":"https:\/\/www.pixelservices.net\/index.php?rest_route=%2Fwp%2Fv2%2Fmedia&parent=2113"}],"curies":[{"name":"wp","href":"https:\/\/api.w.org\/{rel}","templated":true}]}}